{"id":756,"date":"2023-10-25T19:44:44","date_gmt":"2023-10-25T19:44:44","guid":{"rendered":"https:\/\/ceafi.edu.br\/?page_id=756"},"modified":"2023-12-14T13:14:10","modified_gmt":"2023-12-14T13:14:10","slug":"trabalhe-conosco","status":"publish","type":"page","link":"https:\/\/ceafi.edu.br\/site\/trabalhe-conosco\/","title":{"rendered":"Trabalhe Conosco"},"content":{"rendered":"\t\t<div data-elementor-type=\"wp-page\" data-elementor-id=\"756\" class=\"elementor elementor-756\" data-elementor-post-type=\"page\">\n\t\t\t\t<div class=\"elementor-element elementor-element-52da0d9 e-flex e-con-boxed e-con e-parent\" data-id=\"52da0d9\" data-element_type=\"container\" data-e-type=\"container\" data-settings=\"{&quot;background_background&quot;:&quot;classic&quot;}\">\n\t\t\t\t\t<div class=\"e-con-inner\">\n\t\t\t\t<div class=\"elementor-element elementor-element-6c37a4f elementor-widget elementor-widget-heading\" data-id=\"6c37a4f\" data-element_type=\"widget\" data-e-type=\"widget\" data-widget_type=\"heading.default\">\n\t\t\t\t<div class=\"elementor-widget-container\">\n\t\t\t\t\t<h2 class=\"elementor-heading-title elementor-size-default\">Fa\u00e7a parte <br> da CEAFI<\/h2>\t\t\t\t<\/div>\n\t\t\t\t<\/div>\n\t\t\t\t<div class=\"elementor-element elementor-element-4d23c67 elementor-widget elementor-widget-text-editor\" data-id=\"4d23c67\" data-element_type=\"widget\" data-e-type=\"widget\" data-widget_type=\"text-editor.default\">\n\t\t\t\t<div class=\"elementor-widget-container\">\n\t\t\t\t\t\t\t\t\t<p>Explore oportunidades de carreira gratificantes e contribua para moldar o futuro na educa\u00e7\u00e3o.<\/p>\t\t\t\t\t\t\t\t<\/div>\n\t\t\t\t<\/div>\n\t\t\t\t\t<\/div>\n\t\t\t\t<\/div>\n\t\t<div class=\"elementor-element elementor-element-5a50108 e-flex e-con-boxed e-con e-parent\" data-id=\"5a50108\" data-element_type=\"container\" data-e-type=\"container\">\n\t\t\t\t\t<div class=\"e-con-inner\">\n\t\t<div class=\"elementor-element elementor-element-fc7b6fe e-flex e-con-boxed e-con e-child\" data-id=\"fc7b6fe\" data-element_type=\"container\" data-e-type=\"container\" data-settings=\"{&quot;background_background&quot;:&quot;classic&quot;}\">\n\t\t\t\t\t<div class=\"e-con-inner\">\n\t\t<div class=\"elementor-element elementor-element-4655661 e-grid e-con-boxed e-con e-child\" data-id=\"4655661\" data-element_type=\"container\" data-e-type=\"container\">\n\t\t\t\t\t<div class=\"e-con-inner\">\n\t\t\t\t<div class=\"elementor-element elementor-element-be63dc2 elementor-widget elementor-widget-heading\" data-id=\"be63dc2\" data-element_type=\"widget\" data-e-type=\"widget\" data-widget_type=\"heading.default\">\n\t\t\t\t<div class=\"elementor-widget-container\">\n\t\t\t\t\t<h2 class=\"elementor-heading-title elementor-size-default\">Envie seus dados abaixo. Ficaremos felizes em ter voc\u00ea com a gente! <\/h2>\t\t\t\t<\/div>\n\t\t\t\t<\/div>\n\t\t\t\t\t<\/div>\n\t\t\t\t<\/div>\n\t\t\t\t<div class=\"elementor-element elementor-element-e87553e elementor-button-align-start elementor-widget elementor-widget-form\" data-id=\"e87553e\" data-element_type=\"widget\" data-e-type=\"widget\" data-settings=\"{&quot;step_next_label&quot;:&quot;Pr\\u00f3ximo&quot;,&quot;step_previous_label&quot;:&quot;Anterior&quot;,&quot;button_width&quot;:&quot;100&quot;,&quot;step_type&quot;:&quot;number_text&quot;,&quot;step_icon_shape&quot;:&quot;circle&quot;}\" data-widget_type=\"form.default\">\n\t\t\t\t<div class=\"elementor-widget-container\">\n\t\t\t\t\t\t\t<form class=\"elementor-form\" method=\"post\" id=\"TRABALHE_CONOSCO\" name=\"Fa\u00e7a parte do CEAFI\" aria-label=\"Fa\u00e7a parte do CEAFI\">\n\t\t\t<input type=\"hidden\" name=\"post_id\" value=\"756\"\/>\n\t\t\t<input type=\"hidden\" name=\"form_id\" value=\"e87553e\"\/>\n\t\t\t<input type=\"hidden\" name=\"referer_title\" value=\"Trabalhe Conosco - CEAFI\" \/>\n\n\t\t\t\t\t\t\t<input type=\"hidden\" name=\"queried_id\" value=\"756\"\/>\n\t\t\t\n\t\t\t<div class=\"elementor-form-fields-wrapper elementor-labels-\">\n\t\t\t\t\t\t\t\t<div class=\"elementor-field-type-text elementor-field-group elementor-column elementor-field-group-name elementor-col-50 elementor-field-required\">\n\t\t\t\t\t\t\t\t\t\t\t\t<label for=\"form-field-name\" class=\"elementor-field-label elementor-screen-only\">\n\t\t\t\t\t\t\t\tNome\t\t\t\t\t\t\t<\/label>\n\t\t\t\t\t\t\t\t\t\t\t\t\t\t<input size=\"1\" type=\"text\" name=\"form_fields[name]\" id=\"form-field-name\" class=\"elementor-field elementor-size-sm  elementor-field-textual\" placeholder=\"Nome*\" required=\"required\">\n\t\t\t\t\t\t\t\t\t\t\t<\/div>\n\t\t\t\t\t\t\t\t<div class=\"elementor-field-type-text elementor-field-group elementor-column elementor-field-group-field_49628fe elementor-col-50\">\n\t\t\t\t\t\t\t\t\t\t\t\t<label for=\"form-field-field_49628fe\" class=\"elementor-field-label elementor-screen-only\">\n\t\t\t\t\t\t\t\t\u00c1rea de Interesse\t\t\t\t\t\t\t<\/label>\n\t\t\t\t\t\t\t\t\t\t\t\t\t\t<input size=\"1\" type=\"text\" name=\"form_fields[field_49628fe]\" id=\"form-field-field_49628fe\" class=\"elementor-field elementor-size-sm  elementor-field-textual\" placeholder=\"\u00c1rea de Interesse*\">\n\t\t\t\t\t\t\t\t\t\t\t<\/div>\n\t\t\t\t\t\t\t\t<div class=\"elementor-field-type-email elementor-field-group elementor-column elementor-field-group-field_cf36e84 elementor-col-50 elementor-field-required\">\n\t\t\t\t\t\t\t\t\t\t\t\t<label for=\"form-field-field_cf36e84\" class=\"elementor-field-label elementor-screen-only\">\n\t\t\t\t\t\t\t\tE-mail\t\t\t\t\t\t\t<\/label>\n\t\t\t\t\t\t\t\t\t\t\t\t\t\t<input size=\"1\" type=\"email\" name=\"form_fields[field_cf36e84]\" id=\"form-field-field_cf36e84\" class=\"elementor-field elementor-size-sm  elementor-field-textual\" placeholder=\"E-mail*\" required=\"required\">\n\t\t\t\t\t\t\t\t\t\t\t<\/div>\n\t\t\t\t\t\t\t\t<div class=\"elementor-field-type-text elementor-field-group elementor-column elementor-field-group-field_192102c elementor-col-50 elementor-field-required\">\n\t\t\t\t\t\t\t\t\t\t\t\t<label for=\"form-field-field_192102c\" class=\"elementor-field-label elementor-screen-only\">\n\t\t\t\t\t\t\t\tUnidade da indica\u00e7\u00e3o\t\t\t\t\t\t\t<\/label>\n\t\t\t\t\t\t\t\t\t\t\t\t\t\t<input size=\"1\" type=\"text\" name=\"form_fields[field_192102c]\" id=\"form-field-field_192102c\" class=\"elementor-field elementor-size-sm  elementor-field-textual\" placeholder=\"Unidade de Interesse*\" required=\"required\">\n\t\t\t\t\t\t\t\t\t\t\t<\/div>\n\t\t\t\t\t\t\t\t<div class=\"elementor-field-type-tel elementor-field-group elementor-column elementor-field-group-field_90c1fd0 elementor-col-50 elementor-field-required\">\n\t\t\t\t\t\t\t\t\t\t\t\t<label for=\"form-field-field_90c1fd0\" class=\"elementor-field-label elementor-screen-only\">\n\t\t\t\t\t\t\t\tCelular\/WhatsApp\t\t\t\t\t\t\t<\/label>\n\t\t\t\t\t\t\t\t<input size=\"1\" type=\"tel\" name=\"form_fields[field_90c1fd0]\" id=\"form-field-field_90c1fd0\" class=\"elementor-field elementor-size-sm  elementor-field-textual\" placeholder=\"Celular\/WhatsApp*\" required=\"required\" pattern=\"[0-9()#&amp;+*-=.]+\" title=\"Apenas n\u00fameros e caracteres de telefone (#, -, *, etc.) s\u00e3o aceitos.\">\n\n\t\t\t\t\t\t<\/div>\n\t\t\t\t\t\t\t\t<div class=\"elementor-field-type-upload elementor-field-group elementor-column elementor-field-group-field_3af92fb elementor-col-50\">\n\t\t\t\t\t\t\t\t\t\t\t\t<label for=\"form-field-field_3af92fb\" class=\"elementor-field-label elementor-screen-only\">\n\t\t\t\t\t\t\t\tCurriculum\t\t\t\t\t\t\t<\/label>\n\t\t\t\t\t\t\t\t<input type=\"file\" name=\"form_fields[field_3af92fb][]\" id=\"form-field-field_3af92fb\" class=\"elementor-field elementor-size-sm  elementor-upload-field\" multiple=\"multiple\">\n\n\t\t\t\t\t\t<\/div>\n\t\t\t\t\t\t\t\t<div class=\"elementor-field-type-acceptance elementor-field-group elementor-column elementor-field-group-field_cee5233 elementor-col-100 elementor-field-required\">\n\t\t\t\t\t\t\t\t\t\t\t\t<label for=\"form-field-field_cee5233\" class=\"elementor-field-label elementor-screen-only\">\n\t\t\t\t\t\t\t\tPol\u00edtica de privacidade\t\t\t\t\t\t\t<\/label>\n\t\t\t\t\t\t\t\t<div class=\"elementor-field-subgroup\">\n\t\t\t<span class=\"elementor-field-option\">\n\t\t\t\t<input type=\"checkbox\" name=\"form_fields[field_cee5233]\" id=\"form-field-field_cee5233\" class=\"elementor-field elementor-size-sm  elementor-acceptance-field\" required=\"required\">\n\t\t\t\t<label for=\"form-field-field_cee5233\">Li e concordo com a pol\u00edtica de privacidade<\/label>\t\t\t<\/span>\n\t\t<\/div>\n\t\t\t\t\t\t<\/div>\n\t\t\t\t\t\t\t\t<div class=\"elementor-field-group elementor-column elementor-field-type-submit elementor-col-100 e-form__buttons\">\n\t\t\t\t\t<button class=\"elementor-button elementor-size-sm elementor-animation-grow\" type=\"submit\">\n\t\t\t\t\t\t<span class=\"elementor-button-content-wrapper\">\n\t\t\t\t\t\t\t\t\t\t\t\t\t\t\t\t\t\t\t\t\t\t<span class=\"elementor-button-text\">Enviar<\/span>\n\t\t\t\t\t\t\t\t\t\t\t\t\t<\/span>\n\t\t\t\t\t<\/button>\n\t\t\t\t<\/div>\n\t\t\t<\/div>\n\t\t<\/form>\n\t\t\t\t\t\t<\/div>\n\t\t\t\t<\/div>\n\t\t\t\t\t<\/div>\n\t\t\t\t<\/div>\n\t\t\t\t\t<\/div>\n\t\t\t\t<\/div>\n\t\t\t\t<\/div>\n\t\t","protected":false},"excerpt":{"rendered":"<p>Fa\u00e7a parte da CEAFI Explore oportunidades de carreira gratificantes e contribua para moldar o futuro na educa\u00e7\u00e3o. Envie seus dados abaixo. Ficaremos felizes em ter voc\u00ea com a gente!<\/p>\n","protected":false},"author":1,"featured_media":759,"parent":0,"menu_order":0,"comment_status":"closed","ping_status":"closed","template":"","meta":{"_eb_attr":"","footnotes":""},"class_list":["post-756","page","type-page","status-publish","has-post-thumbnail","hentry"],"acf":[],"yoast_head":"<!-- This site is optimized with the Yoast SEO plugin v27.4 - https:\/\/yoast.com\/product\/yoast-seo-wordpress\/ -->\n<title>Trabalhe Conosco - CEAFI<\/title>\n<meta name=\"description\" content=\"Fa\u00e7a parte da CEAFI. Envie seus dados abaixo. Ficaremos felizes em ter voc\u00ea com a gente! Explore oportunidades de carreira gratificantes\" \/>\n<meta name=\"robots\" content=\"index, follow, max-snippet:-1, max-image-preview:large, max-video-preview:-1\" \/>\n<link rel=\"canonical\" href=\"https:\/\/ceafi.edu.br\/site\/trabalhe-conosco\/\" \/>\n<meta property=\"og:locale\" content=\"pt_BR\" \/>\n<meta property=\"og:type\" content=\"article\" \/>\n<meta property=\"og:title\" content=\"Trabalhe Conosco - CEAFI\" \/>\n<meta property=\"og:description\" content=\"Fa\u00e7a parte da CEAFI. Envie seus dados abaixo. Ficaremos felizes em ter voc\u00ea com a gente! Explore oportunidades de carreira gratificantes\" \/>\n<meta property=\"og:url\" content=\"https:\/\/ceafi.edu.br\/site\/trabalhe-conosco\/\" \/>\n<meta property=\"og:site_name\" content=\"CEAFI\" \/>\n<meta property=\"article:modified_time\" content=\"2023-12-14T13:14:10+00:00\" \/>\n<meta property=\"og:image\" content=\"https:\/\/ceafi.edu.br\/site\/wp-content\/uploads\/2023\/10\/Group-43-3.png\" \/>\n\t<meta property=\"og:image:width\" content=\"1920\" \/>\n\t<meta property=\"og:image:height\" content=\"745\" \/>\n\t<meta property=\"og:image:type\" content=\"image\/png\" \/>\n<meta name=\"twitter:card\" content=\"summary_large_image\" \/>\n<meta name=\"twitter:label1\" content=\"Est. tempo de leitura\" \/>\n\t<meta name=\"twitter:data1\" content=\"1 minuto\" \/>\n<script type=\"application\/ld+json\" class=\"yoast-schema-graph\">{\"@context\":\"https:\\\/\\\/schema.org\",\"@graph\":[{\"@type\":\"WebPage\",\"@id\":\"https:\\\/\\\/ceafi.edu.br\\\/site\\\/trabalhe-conosco\\\/\",\"url\":\"https:\\\/\\\/ceafi.edu.br\\\/site\\\/trabalhe-conosco\\\/\",\"name\":\"Trabalhe Conosco - CEAFI\",\"isPartOf\":{\"@id\":\"https:\\\/\\\/ceafi.edu.br\\\/site\\\/#website\"},\"primaryImageOfPage\":{\"@id\":\"https:\\\/\\\/ceafi.edu.br\\\/site\\\/trabalhe-conosco\\\/#primaryimage\"},\"image\":{\"@id\":\"https:\\\/\\\/ceafi.edu.br\\\/site\\\/trabalhe-conosco\\\/#primaryimage\"},\"thumbnailUrl\":\"https:\\\/\\\/ceafi.edu.br\\\/site\\\/wp-content\\\/uploads\\\/2023\\\/10\\\/Group-43-3.png\",\"datePublished\":\"2023-10-25T19:44:44+00:00\",\"dateModified\":\"2023-12-14T13:14:10+00:00\",\"description\":\"Fa\u00e7a parte da CEAFI. Envie seus dados abaixo. Ficaremos felizes em ter voc\u00ea com a gente! Explore oportunidades de carreira gratificantes\",\"inLanguage\":\"pt-BR\",\"potentialAction\":[{\"@type\":\"ReadAction\",\"target\":[\"https:\\\/\\\/ceafi.edu.br\\\/site\\\/trabalhe-conosco\\\/\"]}]},{\"@type\":\"ImageObject\",\"inLanguage\":\"pt-BR\",\"@id\":\"https:\\\/\\\/ceafi.edu.br\\\/site\\\/trabalhe-conosco\\\/#primaryimage\",\"url\":\"https:\\\/\\\/ceafi.edu.br\\\/site\\\/wp-content\\\/uploads\\\/2023\\\/10\\\/Group-43-3.png\",\"contentUrl\":\"https:\\\/\\\/ceafi.edu.br\\\/site\\\/wp-content\\\/uploads\\\/2023\\\/10\\\/Group-43-3.png\",\"width\":1920,\"height\":745},{\"@type\":\"WebSite\",\"@id\":\"https:\\\/\\\/ceafi.edu.br\\\/site\\\/#website\",\"url\":\"https:\\\/\\\/ceafi.edu.br\\\/site\\\/\",\"name\":\"CEAFI\",\"description\":\"O CEAFI A N\u00famero 1 em Cursos de P\u00f3s Gradua\u00e7\u00e3o e Aperfei\u00e7oamento em Fisioterapia.\",\"publisher\":{\"@id\":\"https:\\\/\\\/ceafi.edu.br\\\/site\\\/#organization\"},\"potentialAction\":[{\"@type\":\"SearchAction\",\"target\":{\"@type\":\"EntryPoint\",\"urlTemplate\":\"https:\\\/\\\/ceafi.edu.br\\\/site\\\/?s={search_term_string}\"},\"query-input\":{\"@type\":\"PropertyValueSpecification\",\"valueRequired\":true,\"valueName\":\"search_term_string\"}}],\"inLanguage\":\"pt-BR\"},{\"@type\":\"Organization\",\"@id\":\"https:\\\/\\\/ceafi.edu.br\\\/site\\\/#organization\",\"name\":\"CEAFI\",\"url\":\"https:\\\/\\\/ceafi.edu.br\\\/site\\\/\",\"logo\":{\"@type\":\"ImageObject\",\"inLanguage\":\"pt-BR\",\"@id\":\"https:\\\/\\\/ceafi.edu.br\\\/site\\\/#\\\/schema\\\/logo\\\/image\\\/\",\"url\":\"https:\\\/\\\/ceafi.edu.br\\\/site\\\/wp-content\\\/uploads\\\/2023\\\/07\\\/Group-2.png\",\"contentUrl\":\"https:\\\/\\\/ceafi.edu.br\\\/site\\\/wp-content\\\/uploads\\\/2023\\\/07\\\/Group-2.png\",\"width\":230,\"height\":82,\"caption\":\"CEAFI\"},\"image\":{\"@id\":\"https:\\\/\\\/ceafi.edu.br\\\/site\\\/#\\\/schema\\\/logo\\\/image\\\/\"}}]}<\/script>\n<!-- \/ Yoast SEO plugin. -->","yoast_head_json":{"title":"Trabalhe Conosco - CEAFI","description":"Fa\u00e7a parte da CEAFI. Envie seus dados abaixo. Ficaremos felizes em ter voc\u00ea com a gente! Explore oportunidades de carreira gratificantes","robots":{"index":"index","follow":"follow","max-snippet":"max-snippet:-1","max-image-preview":"max-image-preview:large","max-video-preview":"max-video-preview:-1"},"canonical":"https:\/\/ceafi.edu.br\/site\/trabalhe-conosco\/","og_locale":"pt_BR","og_type":"article","og_title":"Trabalhe Conosco - CEAFI","og_description":"Fa\u00e7a parte da CEAFI. Envie seus dados abaixo. Ficaremos felizes em ter voc\u00ea com a gente! Explore oportunidades de carreira gratificantes","og_url":"https:\/\/ceafi.edu.br\/site\/trabalhe-conosco\/","og_site_name":"CEAFI","article_modified_time":"2023-12-14T13:14:10+00:00","og_image":[{"width":1920,"height":745,"url":"https:\/\/ceafi.edu.br\/site\/wp-content\/uploads\/2023\/10\/Group-43-3.png","type":"image\/png"}],"twitter_card":"summary_large_image","twitter_misc":{"Est. tempo de leitura":"1 minuto"},"schema":{"@context":"https:\/\/schema.org","@graph":[{"@type":"WebPage","@id":"https:\/\/ceafi.edu.br\/site\/trabalhe-conosco\/","url":"https:\/\/ceafi.edu.br\/site\/trabalhe-conosco\/","name":"Trabalhe Conosco - CEAFI","isPartOf":{"@id":"https:\/\/ceafi.edu.br\/site\/#website"},"primaryImageOfPage":{"@id":"https:\/\/ceafi.edu.br\/site\/trabalhe-conosco\/#primaryimage"},"image":{"@id":"https:\/\/ceafi.edu.br\/site\/trabalhe-conosco\/#primaryimage"},"thumbnailUrl":"https:\/\/ceafi.edu.br\/site\/wp-content\/uploads\/2023\/10\/Group-43-3.png","datePublished":"2023-10-25T19:44:44+00:00","dateModified":"2023-12-14T13:14:10+00:00","description":"Fa\u00e7a parte da CEAFI. Envie seus dados abaixo. Ficaremos felizes em ter voc\u00ea com a gente! Explore oportunidades de carreira gratificantes","inLanguage":"pt-BR","potentialAction":[{"@type":"ReadAction","target":["https:\/\/ceafi.edu.br\/site\/trabalhe-conosco\/"]}]},{"@type":"ImageObject","inLanguage":"pt-BR","@id":"https:\/\/ceafi.edu.br\/site\/trabalhe-conosco\/#primaryimage","url":"https:\/\/ceafi.edu.br\/site\/wp-content\/uploads\/2023\/10\/Group-43-3.png","contentUrl":"https:\/\/ceafi.edu.br\/site\/wp-content\/uploads\/2023\/10\/Group-43-3.png","width":1920,"height":745},{"@type":"WebSite","@id":"https:\/\/ceafi.edu.br\/site\/#website","url":"https:\/\/ceafi.edu.br\/site\/","name":"CEAFI","description":"O CEAFI A N\u00famero 1 em Cursos de P\u00f3s Gradua\u00e7\u00e3o e Aperfei\u00e7oamento em Fisioterapia.","publisher":{"@id":"https:\/\/ceafi.edu.br\/site\/#organization"},"potentialAction":[{"@type":"SearchAction","target":{"@type":"EntryPoint","urlTemplate":"https:\/\/ceafi.edu.br\/site\/?s={search_term_string}"},"query-input":{"@type":"PropertyValueSpecification","valueRequired":true,"valueName":"search_term_string"}}],"inLanguage":"pt-BR"},{"@type":"Organization","@id":"https:\/\/ceafi.edu.br\/site\/#organization","name":"CEAFI","url":"https:\/\/ceafi.edu.br\/site\/","logo":{"@type":"ImageObject","inLanguage":"pt-BR","@id":"https:\/\/ceafi.edu.br\/site\/#\/schema\/logo\/image\/","url":"https:\/\/ceafi.edu.br\/site\/wp-content\/uploads\/2023\/07\/Group-2.png","contentUrl":"https:\/\/ceafi.edu.br\/site\/wp-content\/uploads\/2023\/07\/Group-2.png","width":230,"height":82,"caption":"CEAFI"},"image":{"@id":"https:\/\/ceafi.edu.br\/site\/#\/schema\/logo\/image\/"}}]}},"_links":{"self":[{"href":"https:\/\/ceafi.edu.br\/site\/wp-json\/wp\/v2\/pages\/756","targetHints":{"allow":["GET"]}}],"collection":[{"href":"https:\/\/ceafi.edu.br\/site\/wp-json\/wp\/v2\/pages"}],"about":[{"href":"https:\/\/ceafi.edu.br\/site\/wp-json\/wp\/v2\/types\/page"}],"author":[{"embeddable":true,"href":"https:\/\/ceafi.edu.br\/site\/wp-json\/wp\/v2\/users\/1"}],"replies":[{"embeddable":true,"href":"https:\/\/ceafi.edu.br\/site\/wp-json\/wp\/v2\/comments?post=756"}],"version-history":[{"count":32,"href":"https:\/\/ceafi.edu.br\/site\/wp-json\/wp\/v2\/pages\/756\/revisions"}],"predecessor-version":[{"id":18518,"href":"https:\/\/ceafi.edu.br\/site\/wp-json\/wp\/v2\/pages\/756\/revisions\/18518"}],"wp:featuredmedia":[{"embeddable":true,"href":"https:\/\/ceafi.edu.br\/site\/wp-json\/wp\/v2\/media\/759"}],"wp:attachment":[{"href":"https:\/\/ceafi.edu.br\/site\/wp-json\/wp\/v2\/media?parent=756"}],"curies":[{"name":"wp","href":"https:\/\/api.w.org\/{rel}","templated":true}]}}