{"id":19477,"date":"2023-12-18T14:39:55","date_gmt":"2023-12-18T14:39:55","guid":{"rendered":"https:\/\/ceafi.edu.br\/?page_id=19477"},"modified":"2026-03-25T03:54:53","modified_gmt":"2026-03-25T03:54:53","slug":"aperfeicoamento","status":"publish","type":"page","link":"https:\/\/ceafi.edu.br\/site\/cuidados-respiratorios-no-home-care\/aperfeicoamento\/","title":{"rendered":"Aperfei\u00e7oamentos"},"content":{"rendered":"\t\t<div data-elementor-type=\"wp-page\" data-elementor-id=\"19477\" class=\"elementor elementor-19477\" data-elementor-post-type=\"page\">\n\t\t\t\t<div class=\"elementor-element elementor-element-afa6665 e-flex e-con-boxed e-con e-parent\" data-id=\"afa6665\" data-element_type=\"container\" data-e-type=\"container\">\n\t\t\t\t\t<div class=\"e-con-inner\">\n\t\t<div class=\"elementor-element elementor-element-f59d057 e-con-full e-flex e-con e-child\" data-id=\"f59d057\" data-element_type=\"container\" data-e-type=\"container\">\n\t\t\t\t<div class=\"elementor-element elementor-element-4ab5fe2 elementor-widget elementor-widget-heading\" data-id=\"4ab5fe2\" data-element_type=\"widget\" data-e-type=\"widget\" data-widget_type=\"heading.default\">\n\t\t\t\t<div class=\"elementor-widget-container\">\n\t\t\t\t\t<h2 class=\"elementor-heading-title elementor-size-default\">Aperfei\u00e7oamentos<\/h2>\t\t\t\t<\/div>\n\t\t\t\t<\/div>\n\t\t\t\t<div class=\"elementor-element elementor-element-b736ea1 elementor-widget-divider--view-line elementor-widget elementor-widget-divider\" data-id=\"b736ea1\" data-element_type=\"widget\" data-e-type=\"widget\" data-widget_type=\"divider.default\">\n\t\t\t\t<div class=\"elementor-widget-container\">\n\t\t\t\t\t\t\t<div class=\"elementor-divider\">\n\t\t\t<span class=\"elementor-divider-separator\">\n\t\t\t\t\t\t<\/span>\n\t\t<\/div>\n\t\t\t\t\t\t<\/div>\n\t\t\t\t<\/div>\n\t\t\t\t<div class=\"elementor-element elementor-element-ece9fe2 elementor-widget elementor-widget-text-editor\" data-id=\"ece9fe2\" data-element_type=\"widget\" data-e-type=\"widget\" data-widget_type=\"text-editor.default\">\n\t\t\t\t<div class=\"elementor-widget-container\">\n\t\t\t\t\t\t\t\t\t<p>&nbsp;Home &#8211; Cursos &#8211; Aperfei\u00e7oamentos<\/p>\t\t\t\t\t\t\t\t<\/div>\n\t\t\t\t<\/div>\n\t\t\t\t<\/div>\n\t\t\t\t\t<\/div>\n\t\t\t\t<\/div>\n\t\t<div class=\"elementor-element elementor-element-97e27ad elementor-hidden-desktop elementor-hidden-tablet e-flex e-con-boxed e-con e-parent\" data-id=\"97e27ad\" data-element_type=\"container\" data-e-type=\"container\" data-settings=\"{&quot;background_background&quot;:&quot;classic&quot;}\">\n\t\t\t\t\t<div class=\"e-con-inner\">\n\t\t\t\t<div class=\"elementor-element elementor-element-e808ea1 elementor-widget elementor-widget-heading\" data-id=\"e808ea1\" data-element_type=\"widget\" data-e-type=\"widget\" data-widget_type=\"heading.default\">\n\t\t\t\t<div class=\"elementor-widget-container\">\n\t\t\t\t\t<h2 class=\"elementor-heading-title elementor-size-default\">Seja um aluno <br>CEAFI!<\/h2>\t\t\t\t<\/div>\n\t\t\t\t<\/div>\n\t\t\t\t<div class=\"elementor-element elementor-element-4cc2166 elementor-widget elementor-widget-text-editor\" data-id=\"4cc2166\" data-element_type=\"widget\" data-e-type=\"widget\" data-widget_type=\"text-editor.default\">\n\t\t\t\t<div class=\"elementor-widget-container\">\n\t\t\t\t\t\t\t\t\tPreencha os campos e fale <br>com o nosso time.\t\t\t\t\t\t\t\t<\/div>\n\t\t\t\t<\/div>\n\t\t\t\t<div class=\"elementor-element elementor-element-206ce22 eael-contact-form-7-button-align-left eael-contact-form-7-button-custom elementor-widget elementor-widget-eael-contact-form-7\" data-id=\"206ce22\" data-element_type=\"widget\" data-e-type=\"widget\" data-widget_type=\"eael-contact-form-7.default\">\n\t\t\t\t<div class=\"elementor-widget-container\">\n\t\t\t\t\t<div class=\"eael-contact-form-7-wrapper\">\n                <div class=\"eael-contact-form eael-contact-form-7 eael-contact-form-206ce22 placeholder-show eael-custom-radio-checkbox eael-contact-form-align-default\">\n<div class=\"wpcf7 no-js\" id=\"wpcf7-f343-o1\" lang=\"pt-BR\" dir=\"ltr\" data-wpcf7-id=\"343\">\n<div class=\"screen-reader-response\"><p role=\"status\" aria-live=\"polite\" aria-atomic=\"true\"><\/p> <ul><\/ul><\/div>\n<form action=\"\/site\/wp-json\/wp\/v2\/pages\/19477#wpcf7-f343-o1\" method=\"post\" class=\"wpcf7-form init\" aria-label=\"Formul\u00e1rios de contato\" novalidate=\"novalidate\" data-status=\"init\">\n<fieldset class=\"hidden-fields-container\"><input type=\"hidden\" name=\"_wpcf7\" value=\"343\" \/><input type=\"hidden\" name=\"_wpcf7_version\" value=\"6.1.5\" \/><input type=\"hidden\" name=\"_wpcf7_locale\" value=\"pt_BR\" \/><input type=\"hidden\" name=\"_wpcf7_unit_tag\" value=\"wpcf7-f343-o1\" \/><input type=\"hidden\" name=\"_wpcf7_container_post\" value=\"0\" \/><input type=\"hidden\" name=\"_wpcf7_posted_data_hash\" value=\"\" \/>\n<\/fieldset>\n<p><span class=\"wpcf7-form-control-wrap\" data-name=\"Nome\"><input size=\"40\" maxlength=\"400\" class=\"wpcf7-form-control wpcf7-text wpcf7-validates-as-required\" autocomplete=\"name\" aria-required=\"true\" aria-invalid=\"false\" placeholder=\"Nome*:\" value=\"\" type=\"text\" name=\"Nome\" \/><\/span>\n<\/p>\n<p><span class=\"wpcf7-form-control-wrap\" data-name=\"E-mail\"><input size=\"40\" maxlength=\"400\" class=\"wpcf7-form-control wpcf7-email wpcf7-validates-as-required wpcf7-text wpcf7-validates-as-email\" autocomplete=\"email\" aria-required=\"true\" aria-invalid=\"false\" placeholder=\"E-mail*:\" value=\"\" type=\"email\" name=\"E-mail\" \/><\/span>\n<\/p>\n<p><span class=\"wpcf7-form-control-wrap\" data-name=\"Telefone\"><input size=\"40\" maxlength=\"400\" class=\"wpcf7-form-control wpcf7-tel wpcf7-text wpcf7-validates-as-tel\" aria-invalid=\"false\" placeholder=\"Celular\/WhatsApp*:\" value=\"\" type=\"tel\" name=\"Telefone\" \/><\/span>\n<\/p>\n<p><span class=\"wpcf7-form-control-wrap\" data-name=\"Curso\"><input size=\"40\" maxlength=\"400\" class=\"wpcf7-form-control wpcf7-text wpcf7-validates-as-required\" aria-required=\"true\" aria-invalid=\"false\" placeholder=\"Curso de interesse*:\" value=\"\" type=\"text\" name=\"Curso\" \/><\/span>\n<\/p>\n<p><input class=\"wpcf7-form-control wpcf7-submit has-spinner\" type=\"submit\" value=\"Enviar\" \/>\n<\/p>\n<p><span class=\"wpcf7-form-control-wrap\" data-name=\"acceptance-572\"><span class=\"wpcf7-form-control wpcf7-acceptance\"><span class=\"wpcf7-list-item\"><label><input type=\"checkbox\" name=\"acceptance-572\" value=\"1\" aria-invalid=\"false\" \/><span class=\"wpcf7-list-item-label\">Li e concordo com a <span style=\"text-decoration: underline;\"><a href=\"https:\/\/ceafi.edu.br\/site\/politica-de-privacidade\/\">pol\u00edtica de privacidade<\/a><\/span><\/span><\/label><\/span><\/span><\/span>\n<\/p><div class=\"wpcf7-response-output\" aria-hidden=\"true\"><\/div>\n<\/form>\n<\/div>\n<\/div>\n            <\/div>\t\t\t\t<\/div>\n\t\t\t\t<\/div>\n\t\t\t\t<div class=\"elementor-element elementor-element-db8bc84 elementor-widget elementor-widget-image\" data-id=\"db8bc84\" data-element_type=\"widget\" data-e-type=\"widget\" data-widget_type=\"image.default\">\n\t\t\t\t<div class=\"elementor-widget-container\">\n\t\t\t\t\t\t\t\t\t\t\t\t\t\t\t<img fetchpriority=\"high\" decoding=\"async\" width=\"430\" height=\"453\" src=\"https:\/\/ceafi.edu.br\/site\/wp-content\/uploads\/2023\/09\/image-5-1.png\" class=\"attachment-full size-full wp-image-493\" alt=\"\" srcset=\"https:\/\/ceafi.edu.br\/site\/wp-content\/uploads\/2023\/09\/image-5-1.png 430w, https:\/\/ceafi.edu.br\/site\/wp-content\/uploads\/2023\/09\/image-5-1-285x300.png 285w\" sizes=\"(max-width: 430px) 100vw, 430px\" \/>\t\t\t\t\t\t\t\t\t\t\t\t\t\t\t<\/div>\n\t\t\t\t<\/div>\n\t\t\t\t\t<\/div>\n\t\t\t\t<\/div>\n\t\t\t\t<\/div>\n\t\t","protected":false},"excerpt":{"rendered":"<p>Aperfei\u00e7oamentos &nbsp;Home &#8211; Cursos &#8211; Aperfei\u00e7oamentos Seja um aluno CEAFI! Preencha os campos e fale com o nosso time. Li e concordo com a pol\u00edtica de privacidade<\/p>\n","protected":false},"author":1,"featured_media":896,"parent":18155,"menu_order":0,"comment_status":"closed","ping_status":"closed","template":"","meta":{"_eb_attr":"","footnotes":""},"class_list":["post-19477","page","type-page","status-publish","has-post-thumbnail","hentry"],"acf":[],"yoast_head":"<!-- This site is optimized with the Yoast SEO plugin v27.4 - https:\/\/yoast.com\/product\/yoast-seo-wordpress\/ -->\n<title>Aperfei\u00e7oamentos - CEAFI<\/title>\n<meta name=\"description\" content=\"Gradua\u00e7\u00e3o Faculdade CEAFI - Gest\u00e3o Hospitalar - lideran\u00e7a pr\u00e1tica para os novos tempos: 100% Presencial - Noturno - 2500 horas\" \/>\n<meta name=\"robots\" content=\"index, follow, max-snippet:-1, max-image-preview:large, max-video-preview:-1\" \/>\n<link rel=\"canonical\" href=\"https:\/\/ceafi.edu.br\/site\/cuidados-respiratorios-no-home-care\/aperfeicoamento\/\" \/>\n<meta property=\"og:locale\" content=\"pt_BR\" \/>\n<meta property=\"og:type\" content=\"article\" \/>\n<meta property=\"og:title\" content=\"Aperfei\u00e7oamentos - CEAFI\" \/>\n<meta property=\"og:description\" content=\"Gradua\u00e7\u00e3o Faculdade CEAFI - Gest\u00e3o Hospitalar - lideran\u00e7a pr\u00e1tica para os novos tempos: 100% Presencial - Noturno - 2500 horas\" \/>\n<meta property=\"og:url\" content=\"https:\/\/ceafi.edu.br\/site\/cuidados-respiratorios-no-home-care\/aperfeicoamento\/\" \/>\n<meta property=\"og:site_name\" content=\"CEAFI\" \/>\n<meta property=\"article:modified_time\" content=\"2026-03-25T03:54:53+00:00\" \/>\n<meta property=\"og:image\" content=\"https:\/\/ceafi.edu.br\/site\/wp-content\/uploads\/2023\/10\/Group-43-6.png\" \/>\n\t<meta property=\"og:image:width\" content=\"430\" \/>\n\t<meta property=\"og:image:height\" content=\"477\" \/>\n\t<meta property=\"og:image:type\" content=\"image\/png\" \/>\n<meta name=\"twitter:card\" content=\"summary_large_image\" \/>\n<meta name=\"twitter:label1\" content=\"Est. tempo de leitura\" \/>\n\t<meta name=\"twitter:data1\" content=\"1 minuto\" \/>\n<script type=\"application\/ld+json\" class=\"yoast-schema-graph\">{\"@context\":\"https:\\\/\\\/schema.org\",\"@graph\":[{\"@type\":\"WebPage\",\"@id\":\"https:\\\/\\\/ceafi.edu.br\\\/site\\\/cuidados-respiratorios-no-home-care\\\/aperfeicoamento\\\/\",\"url\":\"https:\\\/\\\/ceafi.edu.br\\\/site\\\/cuidados-respiratorios-no-home-care\\\/aperfeicoamento\\\/\",\"name\":\"Aperfei\u00e7oamentos - CEAFI\",\"isPartOf\":{\"@id\":\"https:\\\/\\\/ceafi.edu.br\\\/site\\\/#website\"},\"primaryImageOfPage\":{\"@id\":\"https:\\\/\\\/ceafi.edu.br\\\/site\\\/cuidados-respiratorios-no-home-care\\\/aperfeicoamento\\\/#primaryimage\"},\"image\":{\"@id\":\"https:\\\/\\\/ceafi.edu.br\\\/site\\\/cuidados-respiratorios-no-home-care\\\/aperfeicoamento\\\/#primaryimage\"},\"thumbnailUrl\":\"https:\\\/\\\/ceafi.edu.br\\\/site\\\/wp-content\\\/uploads\\\/2023\\\/10\\\/Group-43-6.png\",\"datePublished\":\"2023-12-18T14:39:55+00:00\",\"dateModified\":\"2026-03-25T03:54:53+00:00\",\"description\":\"Gradua\u00e7\u00e3o Faculdade CEAFI - Gest\u00e3o Hospitalar - lideran\u00e7a pr\u00e1tica para os novos tempos: 100% Presencial - Noturno - 2500 horas\",\"breadcrumb\":{\"@id\":\"https:\\\/\\\/ceafi.edu.br\\\/site\\\/cuidados-respiratorios-no-home-care\\\/aperfeicoamento\\\/#breadcrumb\"},\"inLanguage\":\"pt-BR\",\"potentialAction\":[{\"@type\":\"ReadAction\",\"target\":[\"https:\\\/\\\/ceafi.edu.br\\\/site\\\/cuidados-respiratorios-no-home-care\\\/aperfeicoamento\\\/\"]}]},{\"@type\":\"ImageObject\",\"inLanguage\":\"pt-BR\",\"@id\":\"https:\\\/\\\/ceafi.edu.br\\\/site\\\/cuidados-respiratorios-no-home-care\\\/aperfeicoamento\\\/#primaryimage\",\"url\":\"https:\\\/\\\/ceafi.edu.br\\\/site\\\/wp-content\\\/uploads\\\/2023\\\/10\\\/Group-43-6.png\",\"contentUrl\":\"https:\\\/\\\/ceafi.edu.br\\\/site\\\/wp-content\\\/uploads\\\/2023\\\/10\\\/Group-43-6.png\",\"width\":430,\"height\":477},{\"@type\":\"BreadcrumbList\",\"@id\":\"https:\\\/\\\/ceafi.edu.br\\\/site\\\/cuidados-respiratorios-no-home-care\\\/aperfeicoamento\\\/#breadcrumb\",\"itemListElement\":[{\"@type\":\"ListItem\",\"position\":1,\"name\":\"Aperfei\u00e7oamento multiprofissional no home care\",\"item\":\"https:\\\/\\\/ceafi.edu.br\\\/site\\\/cuidados-respiratorios-no-home-care\\\/\"},{\"@type\":\"ListItem\",\"position\":2,\"name\":\"Aperfei\u00e7oamentos\"}]},{\"@type\":\"WebSite\",\"@id\":\"https:\\\/\\\/ceafi.edu.br\\\/site\\\/#website\",\"url\":\"https:\\\/\\\/ceafi.edu.br\\\/site\\\/\",\"name\":\"CEAFI\",\"description\":\"O CEAFI A N\u00famero 1 em Cursos de P\u00f3s Gradua\u00e7\u00e3o e Aperfei\u00e7oamento em Fisioterapia.\",\"publisher\":{\"@id\":\"https:\\\/\\\/ceafi.edu.br\\\/site\\\/#organization\"},\"potentialAction\":[{\"@type\":\"SearchAction\",\"target\":{\"@type\":\"EntryPoint\",\"urlTemplate\":\"https:\\\/\\\/ceafi.edu.br\\\/site\\\/?s={search_term_string}\"},\"query-input\":{\"@type\":\"PropertyValueSpecification\",\"valueRequired\":true,\"valueName\":\"search_term_string\"}}],\"inLanguage\":\"pt-BR\"},{\"@type\":\"Organization\",\"@id\":\"https:\\\/\\\/ceafi.edu.br\\\/site\\\/#organization\",\"name\":\"CEAFI\",\"url\":\"https:\\\/\\\/ceafi.edu.br\\\/site\\\/\",\"logo\":{\"@type\":\"ImageObject\",\"inLanguage\":\"pt-BR\",\"@id\":\"https:\\\/\\\/ceafi.edu.br\\\/site\\\/#\\\/schema\\\/logo\\\/image\\\/\",\"url\":\"https:\\\/\\\/ceafi.edu.br\\\/site\\\/wp-content\\\/uploads\\\/2023\\\/07\\\/Group-2.png\",\"contentUrl\":\"https:\\\/\\\/ceafi.edu.br\\\/site\\\/wp-content\\\/uploads\\\/2023\\\/07\\\/Group-2.png\",\"width\":230,\"height\":82,\"caption\":\"CEAFI\"},\"image\":{\"@id\":\"https:\\\/\\\/ceafi.edu.br\\\/site\\\/#\\\/schema\\\/logo\\\/image\\\/\"}}]}<\/script>\n<!-- \/ Yoast SEO plugin. -->","yoast_head_json":{"title":"Aperfei\u00e7oamentos - CEAFI","description":"Gradua\u00e7\u00e3o Faculdade CEAFI - Gest\u00e3o Hospitalar - lideran\u00e7a pr\u00e1tica para os novos tempos: 100% Presencial - Noturno - 2500 horas","robots":{"index":"index","follow":"follow","max-snippet":"max-snippet:-1","max-image-preview":"max-image-preview:large","max-video-preview":"max-video-preview:-1"},"canonical":"https:\/\/ceafi.edu.br\/site\/cuidados-respiratorios-no-home-care\/aperfeicoamento\/","og_locale":"pt_BR","og_type":"article","og_title":"Aperfei\u00e7oamentos - CEAFI","og_description":"Gradua\u00e7\u00e3o Faculdade CEAFI - Gest\u00e3o Hospitalar - lideran\u00e7a pr\u00e1tica para os novos tempos: 100% Presencial - Noturno - 2500 horas","og_url":"https:\/\/ceafi.edu.br\/site\/cuidados-respiratorios-no-home-care\/aperfeicoamento\/","og_site_name":"CEAFI","article_modified_time":"2026-03-25T03:54:53+00:00","og_image":[{"width":430,"height":477,"url":"https:\/\/ceafi.edu.br\/site\/wp-content\/uploads\/2023\/10\/Group-43-6.png","type":"image\/png"}],"twitter_card":"summary_large_image","twitter_misc":{"Est. tempo de leitura":"1 minuto"},"schema":{"@context":"https:\/\/schema.org","@graph":[{"@type":"WebPage","@id":"https:\/\/ceafi.edu.br\/site\/cuidados-respiratorios-no-home-care\/aperfeicoamento\/","url":"https:\/\/ceafi.edu.br\/site\/cuidados-respiratorios-no-home-care\/aperfeicoamento\/","name":"Aperfei\u00e7oamentos - CEAFI","isPartOf":{"@id":"https:\/\/ceafi.edu.br\/site\/#website"},"primaryImageOfPage":{"@id":"https:\/\/ceafi.edu.br\/site\/cuidados-respiratorios-no-home-care\/aperfeicoamento\/#primaryimage"},"image":{"@id":"https:\/\/ceafi.edu.br\/site\/cuidados-respiratorios-no-home-care\/aperfeicoamento\/#primaryimage"},"thumbnailUrl":"https:\/\/ceafi.edu.br\/site\/wp-content\/uploads\/2023\/10\/Group-43-6.png","datePublished":"2023-12-18T14:39:55+00:00","dateModified":"2026-03-25T03:54:53+00:00","description":"Gradua\u00e7\u00e3o Faculdade CEAFI - Gest\u00e3o Hospitalar - lideran\u00e7a pr\u00e1tica para os novos tempos: 100% Presencial - Noturno - 2500 horas","breadcrumb":{"@id":"https:\/\/ceafi.edu.br\/site\/cuidados-respiratorios-no-home-care\/aperfeicoamento\/#breadcrumb"},"inLanguage":"pt-BR","potentialAction":[{"@type":"ReadAction","target":["https:\/\/ceafi.edu.br\/site\/cuidados-respiratorios-no-home-care\/aperfeicoamento\/"]}]},{"@type":"ImageObject","inLanguage":"pt-BR","@id":"https:\/\/ceafi.edu.br\/site\/cuidados-respiratorios-no-home-care\/aperfeicoamento\/#primaryimage","url":"https:\/\/ceafi.edu.br\/site\/wp-content\/uploads\/2023\/10\/Group-43-6.png","contentUrl":"https:\/\/ceafi.edu.br\/site\/wp-content\/uploads\/2023\/10\/Group-43-6.png","width":430,"height":477},{"@type":"BreadcrumbList","@id":"https:\/\/ceafi.edu.br\/site\/cuidados-respiratorios-no-home-care\/aperfeicoamento\/#breadcrumb","itemListElement":[{"@type":"ListItem","position":1,"name":"Aperfei\u00e7oamento multiprofissional no home care","item":"https:\/\/ceafi.edu.br\/site\/cuidados-respiratorios-no-home-care\/"},{"@type":"ListItem","position":2,"name":"Aperfei\u00e7oamentos"}]},{"@type":"WebSite","@id":"https:\/\/ceafi.edu.br\/site\/#website","url":"https:\/\/ceafi.edu.br\/site\/","name":"CEAFI","description":"O CEAFI A N\u00famero 1 em Cursos de P\u00f3s Gradua\u00e7\u00e3o e Aperfei\u00e7oamento em Fisioterapia.","publisher":{"@id":"https:\/\/ceafi.edu.br\/site\/#organization"},"potentialAction":[{"@type":"SearchAction","target":{"@type":"EntryPoint","urlTemplate":"https:\/\/ceafi.edu.br\/site\/?s={search_term_string}"},"query-input":{"@type":"PropertyValueSpecification","valueRequired":true,"valueName":"search_term_string"}}],"inLanguage":"pt-BR"},{"@type":"Organization","@id":"https:\/\/ceafi.edu.br\/site\/#organization","name":"CEAFI","url":"https:\/\/ceafi.edu.br\/site\/","logo":{"@type":"ImageObject","inLanguage":"pt-BR","@id":"https:\/\/ceafi.edu.br\/site\/#\/schema\/logo\/image\/","url":"https:\/\/ceafi.edu.br\/site\/wp-content\/uploads\/2023\/07\/Group-2.png","contentUrl":"https:\/\/ceafi.edu.br\/site\/wp-content\/uploads\/2023\/07\/Group-2.png","width":230,"height":82,"caption":"CEAFI"},"image":{"@id":"https:\/\/ceafi.edu.br\/site\/#\/schema\/logo\/image\/"}}]}},"_links":{"self":[{"href":"https:\/\/ceafi.edu.br\/site\/wp-json\/wp\/v2\/pages\/19477","targetHints":{"allow":["GET"]}}],"collection":[{"href":"https:\/\/ceafi.edu.br\/site\/wp-json\/wp\/v2\/pages"}],"about":[{"href":"https:\/\/ceafi.edu.br\/site\/wp-json\/wp\/v2\/types\/page"}],"author":[{"embeddable":true,"href":"https:\/\/ceafi.edu.br\/site\/wp-json\/wp\/v2\/users\/1"}],"replies":[{"embeddable":true,"href":"https:\/\/ceafi.edu.br\/site\/wp-json\/wp\/v2\/comments?post=19477"}],"version-history":[{"count":41,"href":"https:\/\/ceafi.edu.br\/site\/wp-json\/wp\/v2\/pages\/19477\/revisions"}],"predecessor-version":[{"id":21249,"href":"https:\/\/ceafi.edu.br\/site\/wp-json\/wp\/v2\/pages\/19477\/revisions\/21249"}],"up":[{"embeddable":true,"href":"https:\/\/ceafi.edu.br\/site\/wp-json\/wp\/v2\/pages\/18155"}],"wp:featuredmedia":[{"embeddable":true,"href":"https:\/\/ceafi.edu.br\/site\/wp-json\/wp\/v2\/media\/896"}],"wp:attachment":[{"href":"https:\/\/ceafi.edu.br\/site\/wp-json\/wp\/v2\/media?parent=19477"}],"curies":[{"name":"wp","href":"https:\/\/api.w.org\/{rel}","templated":true}]}}